{"id":6553,"date":"2023-01-13T05:46:05","date_gmt":"2023-01-13T10:46:05","guid":{"rendered":"https:\/\/www.inkaprime.org\/?post_type=product&#038;p=6553"},"modified":"2024-09-19T17:16:03","modified_gmt":"2024-09-19T22:16:03","slug":"cocoa","status":"publish","type":"product","link":"https:\/\/www.inkaprime.org\/es\/product\/cocoa\/","title":{"rendered":"COCOA"},"content":{"rendered":"<p><span style=\"color: #ff6600;\"><strong>Scientific Name:<\/strong><\/span><br \/>\nTheobroma Oil, Criollo and Trinitario<\/p>\n<p><span style=\"color: #ff6600;\"><strong>Zone of Origin:<\/strong><\/span><br \/>\nAmazon Region, San Martin<\/p>\n<p><span style=\"color: #ff6600;\"><strong>Variety:<\/strong><\/span><br \/>\nOrganic and conventional<\/p>\n<p><span style=\"color: #ff6600;\"><strong>Presentations:<\/strong><\/span><br \/>\nBulk and Packaged. Roasted nibs, Flour.<\/p>","protected":false},"excerpt":{"rendered":"<div class=\"wpb_text_column wpb_content_element vc_custom_1589395067525\">\n<div class=\"wpb_wrapper\">\n<p>El cacao es conocido como el alimento de los dioses desde la antig\u00fcedad. Sabemos que los chocolates tienen cacao, pero lo que la mayor\u00eda de la gente no sabe es que la mayor\u00eda apenas lo tiene, ya que solo necesitan un 25% para ser considerado chocolate. Adem\u00e1s, muchas barras convencionales ni siquiera forman parte de este grupo, ya que en su mayor\u00eda est\u00e1n hechas de az\u00facar, grasa y productos qu\u00edmicos.<\/p>\n<p>When we talk about cacao we are going to a whole new level, considering a superb taste and a top-level quality. They are 100% natural, so they keep all its properties: fiber, caffeine, magnesium, and as many antioxidants as green tea. Some doctors say that it helps you to overcome stress and lower bad cholesterol, preventing heart diseases and diabetes. Cacao can be added to a variety of dishes, from sweet to savory. They are a great addition to homemade trail mix, granola, or pasta, and would go smooth on top of your favorite sundae. They can also be eaten alone as a super tasty and healthy gourmet snack.<\/p>\n<\/div>\n<\/div>","protected":false},"featured_media":6736,"comment_status":"open","ping_status":"closed","template":"","meta":{"inline_featured_image":false},"product_brand":[],"product_cat":[23],"product_tag":[],"class_list":{"0":"post-6553","1":"product","2":"type-product","3":"status-publish","4":"has-post-thumbnail","6":"product_cat-seeds","8":"first","9":"instock","10":"shipping-taxable","11":"product-type-simple"},"_links":{"self":[{"href":"https:\/\/www.inkaprime.org\/es\/wp-json\/wp\/v2\/product\/6553","targetHints":{"allow":["GET"]}}],"collection":[{"href":"https:\/\/www.inkaprime.org\/es\/wp-json\/wp\/v2\/product"}],"about":[{"href":"https:\/\/www.inkaprime.org\/es\/wp-json\/wp\/v2\/types\/product"}],"replies":[{"embeddable":true,"href":"https:\/\/www.inkaprime.org\/es\/wp-json\/wp\/v2\/comments?post=6553"}],"version-history":[{"count":2,"href":"https:\/\/www.inkaprime.org\/es\/wp-json\/wp\/v2\/product\/6553\/revisions"}],"predecessor-version":[{"id":6805,"href":"https:\/\/www.inkaprime.org\/es\/wp-json\/wp\/v2\/product\/6553\/revisions\/6805"}],"wp:featuredmedia":[{"embeddable":true,"href":"https:\/\/www.inkaprime.org\/es\/wp-json\/wp\/v2\/media\/6736"}],"wp:attachment":[{"href":"https:\/\/www.inkaprime.org\/es\/wp-json\/wp\/v2\/media?parent=6553"}],"wp:term":[{"taxonomy":"product_brand","embeddable":true,"href":"https:\/\/www.inkaprime.org\/es\/wp-json\/wp\/v2\/product_brand?post=6553"},{"taxonomy":"product_cat","embeddable":true,"href":"https:\/\/www.inkaprime.org\/es\/wp-json\/wp\/v2\/product_cat?post=6553"},{"taxonomy":"product_tag","embeddable":true,"href":"https:\/\/www.inkaprime.org\/es\/wp-json\/wp\/v2\/product_tag?post=6553"}],"curies":[{"name":"wp","href":"https:\/\/api.w.org\/{rel}","templated":true}]}}