{"id":6524,"date":"2023-01-13T05:17:01","date_gmt":"2023-01-13T10:17:01","guid":{"rendered":"https:\/\/www.inkaprime.org\/?post_type=product&#038;p=6524"},"modified":"2023-02-03T10:12:48","modified_gmt":"2023-02-03T15:12:48","slug":"quinoa-white","status":"publish","type":"product","link":"https:\/\/www.inkaprime.org\/es\/product\/quinoa-white\/","title":{"rendered":"QUINOA BLANCA"},"content":{"rendered":"<p><strong>Scientific Name:<\/strong><br \/>\nChenopodium Quinoa<\/p>\n<p><strong>Zone of Origin:<\/strong><br \/>\nAyacucho, Arequipa and Puno<\/p>\n<p><strong>Variety:<\/strong><br \/>\nOrganic and conventional<\/p>\n<p><strong>Presentations:<\/strong><br \/>\nBulk and Packaged. Grain, Flake, Pop<\/p>","protected":false},"excerpt":{"rendered":"<p>La quinoa es conocida como la madre de los cereales aunque en realidad es una semilla de f\u00e1cil digesti\u00f3n. Ha sido cultivada y domesticada desde hace unos 6000 a\u00f1os en los Andes y luego por los Incas quienes la ofrendaban a \u2018Inti\u2019 el Dios Sol. Es uno de los alimentos m\u00e1s vers\u00e1tiles y sabrosos, por lo que, junto con sus magn\u00edficas propiedades nutricionales y medicinales, en 2013 fue declarado el a\u00f1o de la Quinua por la ONU, por lo que este cultivo obtuvo el estatus de superestrella.<\/p>\n<p>Este cultivo contiene carbohidratos esenciales, prote\u00edna y fibra de alta calidad y cantidad, as\u00ed como numerosas vitaminas. Dijo que tiene m\u00e1s nutrientes que las espinacas y que es m\u00e1s saludable que la leche. La qu\u00ednoa es excepcional para los ni\u00f1os ya que tiene los 8 amino\u00e1cidos necesarios para su crecimiento. Es antiespasm\u00f3dico, galact\u00f3foro, laxante y diur\u00e9tico. Es bueno para moretones y contusiones. No contiene gluten y algunos m\u00e9dicos dicen que previene el c\u00e1ncer.<\/p>","protected":false},"featured_media":6748,"comment_status":"open","ping_status":"closed","template":"","meta":{"inline_featured_image":false},"product_brand":[],"product_cat":[23],"product_tag":[],"class_list":{"0":"post-6524","1":"product","2":"type-product","3":"status-publish","4":"has-post-thumbnail","6":"product_cat-seeds","8":"first","9":"instock","10":"shipping-taxable","11":"product-type-simple"},"_links":{"self":[{"href":"https:\/\/www.inkaprime.org\/es\/wp-json\/wp\/v2\/product\/6524","targetHints":{"allow":["GET"]}}],"collection":[{"href":"https:\/\/www.inkaprime.org\/es\/wp-json\/wp\/v2\/product"}],"about":[{"href":"https:\/\/www.inkaprime.org\/es\/wp-json\/wp\/v2\/types\/product"}],"replies":[{"embeddable":true,"href":"https:\/\/www.inkaprime.org\/es\/wp-json\/wp\/v2\/comments?post=6524"}],"version-history":[{"count":6,"href":"https:\/\/www.inkaprime.org\/es\/wp-json\/wp\/v2\/product\/6524\/revisions"}],"predecessor-version":[{"id":6541,"href":"https:\/\/www.inkaprime.org\/es\/wp-json\/wp\/v2\/product\/6524\/revisions\/6541"}],"wp:featuredmedia":[{"embeddable":true,"href":"https:\/\/www.inkaprime.org\/es\/wp-json\/wp\/v2\/media\/6748"}],"wp:attachment":[{"href":"https:\/\/www.inkaprime.org\/es\/wp-json\/wp\/v2\/media?parent=6524"}],"wp:term":[{"taxonomy":"product_brand","embeddable":true,"href":"https:\/\/www.inkaprime.org\/es\/wp-json\/wp\/v2\/product_brand?post=6524"},{"taxonomy":"product_cat","embeddable":true,"href":"https:\/\/www.inkaprime.org\/es\/wp-json\/wp\/v2\/product_cat?post=6524"},{"taxonomy":"product_tag","embeddable":true,"href":"https:\/\/www.inkaprime.org\/es\/wp-json\/wp\/v2\/product_tag?post=6524"}],"curies":[{"name":"wp","href":"https:\/\/api.w.org\/{rel}","templated":true}]}}